{"id":1211,"date":"2022-01-25T08:47:31","date_gmt":"2022-01-25T08:47:31","guid":{"rendered":"https:\/\/koumatis.gr\/?page_id=1211"},"modified":"2026-04-01T10:34:33","modified_gmt":"2026-04-01T10:34:33","slug":"front-page","status":"publish","type":"page","link":"https:\/\/koumatis.gr\/de\/","title":{"rendered":"Front Page"},"content":{"rendered":"\t\t<div data-elementor-type=\"wp-page\" data-elementor-id=\"1211\" class=\"elementor elementor-1211\">\n\t\t\t\t\t\t<div class=\"elementor-inner\">\n\t\t\t\t<div class=\"elementor-section-wrap\">\n\t\t\t\t\t\t\t\t\t<section class=\"elementor-section elementor-top-section elementor-element elementor-element-f4370b7 elementor-section-full_width elementor-section-height-default elementor-section-height-default\" data-id=\"f4370b7\" data-element_type=\"section\">\n\t\t\t\t\t\t<div class=\"elementor-container elementor-column-gap-no\">\n\t\t\t\t\t\t\t<div class=\"elementor-row\">\n\t\t\t\t\t<div class=\"elementor-column elementor-col-100 elementor-top-column elementor-element elementor-element-a2ca581\" data-id=\"a2ca581\" data-element_type=\"column\">\n\t\t\t<div class=\"elementor-column-wrap elementor-element-populated\">\n\t\t\t\t\t\t\t<div class=\"elementor-widget-wrap\">\n\t\t\t\t\t\t<div class=\"elementor-element elementor-element-6e9fa5e elementor-widget elementor-widget-video\" data-id=\"6e9fa5e\" data-element_type=\"widget\" data-settings=\"{&quot;youtube_url&quot;:&quot;https:\\\/\\\/youtu.be\\\/O51icpoGgFs&quot;,&quot;autoplay&quot;:&quot;yes&quot;,&quot;lazy_load&quot;:&quot;yes&quot;,&quot;video_type&quot;:&quot;youtube&quot;,&quot;controls&quot;:&quot;yes&quot;}\" data-widget_type=\"video.default\">\n\t\t\t\t<div class=\"elementor-widget-container\">\n\t\t\t\t\t<div class=\"elementor-wrapper elementor-open-inline\">\n\t\t\t<div class=\"elementor-video\"><\/div>\t\t<\/div>\n\t\t\t\t<\/div>\n\t\t\t\t<\/div>\n\t\t\t\t\t\t<\/div>\n\t\t\t\t\t<\/div>\n\t\t<\/div>\n\t\t\t\t\t\t\t\t<\/div>\n\t\t\t\t\t<\/div>\n\t\t<\/section>\n\t\t\t\t<section class=\"elementor-section elementor-top-section elementor-element elementor-element-c863267 elementor-section-boxed elementor-section-height-default elementor-section-height-default\" data-id=\"c863267\" data-element_type=\"section\">\n\t\t\t\t\t\t<div class=\"elementor-container elementor-column-gap-default\">\n\t\t\t\t\t\t\t<div class=\"elementor-row\">\n\t\t\t\t\t<div class=\"elementor-column elementor-col-100 elementor-top-column elementor-element elementor-element-9903fa8\" data-id=\"9903fa8\" data-element_type=\"column\">\n\t\t\t<div class=\"elementor-column-wrap elementor-element-populated\">\n\t\t\t\t\t\t\t<div class=\"elementor-widget-wrap\">\n\t\t\t\t\t\t<div class=\"elementor-element elementor-element-6f34b06 elementor-widget elementor-widget-heading\" data-id=\"6f34b06\" data-element_type=\"widget\" data-widget_type=\"heading.default\">\n\t\t\t\t<div class=\"elementor-widget-container\">\n\t\t\t<h2 class=\"elementor-heading-title elementor-size-default\">Komplettes Leistungspaket<\/h2>\t\t<\/div>\n\t\t\t\t<\/div>\n\t\t\t\t<div class=\"elementor-element elementor-element-a08207d elementor-widget elementor-widget-heading\" data-id=\"a08207d\" data-element_type=\"widget\" data-widget_type=\"heading.default\">\n\t\t\t\t<div class=\"elementor-widget-container\">\n\t\t\t<h6 class=\"elementor-heading-title elementor-size-default\">Internationale - Nationale Transporte\nFinanzdienstleistungen - Versicherungsdienstleistungen -\nMehrwertsteuerr\u00fcckerstattung \n\n<\/h6>\t\t<\/div>\n\t\t\t\t<\/div>\n\t\t\t\t<div class=\"elementor-element elementor-element-8662f7f obfx-position-top elementor-widget elementor-widget-obfx-services\" data-id=\"8662f7f\" data-element_type=\"widget\" data-widget_type=\"obfx-services.default\">\n\t\t\t\t<div class=\"elementor-widget-container\">\n\t\t\t<div class=\"obfx-grid\"><div class=\"obfx-grid-container obfx-grid-mobile-1 obfx-grid-tablet-2 obfx-grid-desktop-3\">\t\t\t<div class=\"obfx-grid-wrapper\">\n\t\t\t\t<a href=\"https:\/\/koumatis.gr\/de\/\u03b1\u03c3\u03c6\u03b1\u03bb\u03b9\u03c3\u03c4\u03b9\u03ba\u03ad\u03c2-\u03c5\u03c0\u03b7\u03c1\u03b5\u03c3\u03af\u03b5\u03c2-\u03b5\u03c0\u03b1\u03b3\u03b3\u03b5\u03bb\u03bc\u03b1\u03c4\u03af\/\" >\t\t\t\t<div class=\"obfx-service-box obfx-grid-col\">\n\t\t\t\t\t\t\t\t\t\t\t<span class=\"obfx-image-wrap\"><img decoding=\"async\" class=\"obfx-image\" src=\"https:\/\/koumatis.gr\/wp-content\/uploads\/2019\/11\/asfaleies_metaforon_.png\" alt=\"\"\/><\/span>\n\t\t\t\t\t\t\t\t\t\t\t\t<div class=\"obfx-service-box-content\">\n\t\t\t\t\t\t\t\t\t\t\t\t\t\t\t<h4 class=\"obfx-service-title\">Versicherungsdienstleistungen<\/h4>\n\t\t\t\t\t\t\t\t\t\t\t\t\t\t\t\t<p class=\"obfx-service-text\">Wir bieten Kfz -Haftpflichtversicherung mit Spezialisierung auf LKW.<\/p>\n\t\t\t\t\t\t\t\t\t\t\t\t\t<\/div>\n\t\t\t\t\t\t\t\t\t<\/div>\n\t\t\t\t<\/a>\t\t\t<\/div>\n\t\t\t\t\t\t<div class=\"obfx-grid-wrapper\">\n\t\t\t\t<a href=\"https:\/\/koumatis.gr\/de\/1110-2\/\" >\t\t\t\t<div class=\"obfx-service-box obfx-grid-col\">\n\t\t\t\t\t\t\t\t\t\t\t<span class=\"obfx-image-wrap\"><img decoding=\"async\" class=\"obfx-image\" src=\"https:\/\/koumatis.gr\/wp-content\/uploads\/2019\/11\/epistrofes_.png\" alt=\"\"\/><\/span>\n\t\t\t\t\t\t\t\t\t\t\t\t<div class=\"obfx-service-box-content\">\n\t\t\t\t\t\t\t\t\t\t\t\t\t\t\t<h4 class=\"obfx-service-title\">Mehrwertsteuerr\u00fcckerstattung<\/h4>\n\t\t\t\t\t\t\t\t\t\t\t\t\t\t\t\t<p class=\"obfx-service-text\">Wir \u00fcbernehmen die Bearbeitung von Antr\u00e4gen auf Mehrwertsteuerr\u00fcckerstattung in europ\u00e4ischen L\u00e4ndern.<\/p>\n\t\t\t\t\t\t\t\t\t\t\t\t\t<\/div>\n\t\t\t\t\t\t\t\t\t<\/div>\n\t\t\t\t<\/a>\t\t\t<\/div>\n\t\t\t\t\t\t<div class=\"obfx-grid-wrapper\">\n\t\t\t\t<a href=\"https:\/\/koumatis.gr\/de\/\u03b4\u03b9\u03b5\u03b8\u03bd\u03b5\u03af\u03c2-\u03ba\u03b1\u03b9-\u03b5\u03b8\u03bd\u03b9\u03ba\u03ad\u03c2-\u03bc\u03b5\u03c4\u03b1\u03c6\u03bf\u03c1\u03ad\u03c2\/\" >\t\t\t\t<div class=\"obfx-service-box obfx-grid-col\">\n\t\t\t\t\t\t\t\t\t\t\t<span class=\"obfx-image-wrap\"><img decoding=\"async\" class=\"obfx-image\" src=\"https:\/\/koumatis.gr\/wp-content\/uploads\/2019\/11\/metafores_.png\" alt=\"\"\/><\/span>\n\t\t\t\t\t\t\t\t\t\t\t\t<div class=\"obfx-service-box-content\">\n\t\t\t\t\t\t\t\t\t\t\t\t\t\t\t<h4 class=\"obfx-service-title\"> Internationale und Nationale Transporte<\/h4>\n\t\t\t\t\t\t\t\t\t\t\t\t\t\t\t\t<p class=\"obfx-service-text\">Wir \u00fcbernehmen Internationale und Nationale Transporte von trockenen Produkten und von Ladungen, die unter kontrollierter Temperatur erfolgen.<\/p>\n\t\t\t\t\t\t\t\t\t\t\t\t\t<\/div>\n\t\t\t\t\t\t\t\t\t<\/div>\n\t\t\t\t<\/a>\t\t\t<\/div>\n\t\t\t\t\t\t<div class=\"obfx-grid-wrapper\">\n\t\t\t\t<a href=\"https:\/\/koumatis.gr\/de\/\u03c7\u03c1\u03b7\u03bc\u03b1\u03c4\u03bf\u03bf\u03b9\u03ba\u03bf\u03bd\u03bf\u03bc\u03b9\u03ba\u03ac-\u03bb\u03bf\u03b3\u03b9\u03c3\u03c4\u03b9\u03ba\u03ac\/\" >\t\t\t\t<div class=\"obfx-service-box obfx-grid-col\">\n\t\t\t\t\t\t\t\t\t\t\t<span class=\"obfx-image-wrap\"><img decoding=\"async\" class=\"obfx-image\" src=\"https:\/\/koumatis.gr\/wp-content\/uploads\/2019\/11\/logistika_.png\" alt=\"\"\/><\/span>\n\t\t\t\t\t\t\t\t\t\t\t\t<div class=\"obfx-service-box-content\">\n\t\t\t\t\t\t\t\t\t\t\t\t\t\t\t<h4 class=\"obfx-service-title\">Finanzdienstleistungen - Logistikdienstleistungen<\/h4>\n\t\t\t\t\t\t\t\t\t\t\t\t\t\t\t\t<p class=\"obfx-service-text\">Wir \u00fcbernehmen die buchhalterische \u00dcberwachung der Unternehmen, die sich auf den Spediteur\/LKW - Fahrer spezialisiert sind.\nWir bieten Unterst\u00fctzungsarbeiten rund um ein Unternehmen, wie die Lohnbuchhaltung und die Personaleinstellung.\n<\/p>\n\t\t\t\t\t\t\t\t\t\t\t\t\t<\/div>\n\t\t\t\t\t\t\t\t\t<\/div>\n\t\t\t\t<\/a>\t\t\t<\/div>\n\t\t\t\t\t\t<div class=\"obfx-grid-wrapper\">\n\t\t\t\t<a href=\"https:\/\/koumatis.gr\/de\/\u03b1\u03c3\u03c6\u03ac\u03bb\u03b5\u03b9\u03b5\u03c2-\u03b9\u03b4\u03b9\u03c9\u03c4\u03ce\u03bd\/\" >\t\t\t\t<div class=\"obfx-service-box obfx-grid-col\">\n\t\t\t\t\t\t\t\t\t\t\t<span class=\"obfx-image-wrap\"><img decoding=\"async\" class=\"obfx-image\" src=\"https:\/\/koumatis.gr\/wp-content\/uploads\/2019\/11\/genikes_asfaleies_.png\" alt=\"\"\/><\/span>\n\t\t\t\t\t\t\t\t\t\t\t\t<div class=\"obfx-service-box-content\">\n\t\t\t\t\t\t\t\t\t\t\t\t\t\t\t<h4 class=\"obfx-service-title\">Allgemeine Versicherung <\/h4>\n\t\t\t\t\t\t\t\t\t\t\t\t\t\t\t\t<p class=\"obfx-service-text\">\nWir besch\u00e4ftigen uns mit Versicherungen wie Gesch\u00e4ftsversicherungen und Wohngeb\u00e4udeversicherungen. \nKrankenversicherungen, Lebensversicherungen, Reiseversicherungen\n<\/p>\n\t\t\t\t\t\t\t\t\t\t\t\t\t<\/div>\n\t\t\t\t\t\t\t\t\t<\/div>\n\t\t\t\t<\/a>\t\t\t<\/div>\n\t\t\t\t\t\t<div class=\"obfx-grid-wrapper\">\n\t\t\t\t<a href=\"https:\/\/koumatis.gr\/de\/\u03b4\u03b9\u03b5\u03b8\u03bd\u03b5\u03af\u03c2-\u03b4\u03b9\u03b5\u03ba\u03c0\u03b5\u03c1\u03b1\u03b9\u03c9\u03c4\u03b9\u03ba\u03ad\u03c2-\u03c5\u03c0\u03b7\u03c1\u03b5\u03c3\u03af\u03b5\u03c2\/\" >\t\t\t\t<div class=\"obfx-service-box obfx-grid-col\">\n\t\t\t\t\t\t\t\t\t\t\t<span class=\"obfx-image-wrap\"><img decoding=\"async\" class=\"obfx-image\" src=\"https:\/\/koumatis.gr\/wp-content\/uploads\/2019\/11\/diekperaioseis_.png\" alt=\"\"\/><\/span>\n\t\t\t\t\t\t\t\t\t\t\t\t<div class=\"obfx-service-box-content\">\n\t\t\t\t\t\t\t\t\t\t\t\t\t\t\t<h4 class=\"obfx-service-title\">Abwicklungsarbeiten von Gewerbetreibenden im Ausland <\/h4>\n\t\t\t\t\t\t\t\t\t\t\t\t\t\t\t\t<p class=\"obfx-service-text\">Wir \u00fcbernehmen die Abwicklungsarbeiten der Maut in Deutschland (Toll Collect),\n in \u00d6sterreich (Asfinag), in Belgien (Satellic NV), in Tschechien ( Myto CZ) und wo sonst noch gebraucht wird.\n<\/p>\n\t\t\t\t\t\t\t\t\t\t\t\t\t<\/div>\n\t\t\t\t\t\t\t\t\t<\/div>\n\t\t\t\t<\/a>\t\t\t<\/div>\n\t\t\t<\/div><\/div>\t\t<\/div>\n\t\t\t\t<\/div>\n\t\t\t\t\t\t<\/div>\n\t\t\t\t\t<\/div>\n\t\t<\/div>\n\t\t\t\t\t\t\t\t<\/div>\n\t\t\t\t\t<\/div>\n\t\t<\/section>\n\t\t\t\t<section class=\"elementor-section elementor-top-section elementor-element elementor-element-24a397d elementor-section-boxed elementor-section-height-default elementor-section-height-default\" data-id=\"24a397d\" data-element_type=\"section\">\n\t\t\t\t\t\t\t<div class=\"elementor-background-overlay\"><\/div>\n\t\t\t\t\t\t\t<div class=\"elementor-container elementor-column-gap-default\">\n\t\t\t\t\t\t\t<div class=\"elementor-row\">\n\t\t\t\t\t<div class=\"elementor-column elementor-col-100 elementor-top-column elementor-element elementor-element-0cadeda\" data-id=\"0cadeda\" data-element_type=\"column\">\n\t\t\t<div class=\"elementor-column-wrap elementor-element-populated\">\n\t\t\t\t\t\t\t<div class=\"elementor-widget-wrap\">\n\t\t\t\t\t\t<section class=\"elementor-section elementor-inner-section elementor-element elementor-element-143dda2 elementor-section-boxed elementor-section-height-default elementor-section-height-default\" data-id=\"143dda2\" data-element_type=\"section\">\n\t\t\t\t\t\t<div class=\"elementor-container elementor-column-gap-default\">\n\t\t\t\t\t\t\t<div class=\"elementor-row\">\n\t\t\t\t\t<div class=\"elementor-column elementor-col-50 elementor-inner-column elementor-element elementor-element-5871cc5\" data-id=\"5871cc5\" data-element_type=\"column\">\n\t\t\t<div class=\"elementor-column-wrap elementor-element-populated\">\n\t\t\t\t\t\t\t<div class=\"elementor-widget-wrap\">\n\t\t\t\t\t\t<div class=\"elementor-element elementor-element-1516789 elementor-widget elementor-widget-text-editor\" data-id=\"1516789\" data-element_type=\"widget\" data-widget_type=\"text-editor.default\">\n\t\t\t\t<div class=\"elementor-widget-container\">\n\t\t\t\t\t\t\t\t<div class=\"elementor-text-editor elementor-clearfix\">\n\t\t\t\t<img loading=\"lazy\" decoding=\"async\" src=\"https:\/\/koumatis.gr\/wp-content\/uploads\/2019\/11\/koumatis_black_text_logo.png\" alt=\"\" width=\"245\" height=\"155\" \/>\n<div style=\"color: #fff;\">\n<h3><strong>Nikolaos Ath. Koumatis<\/strong><\/h3>\n<h6>Finanz-und Versicherungsdienstleistungen<\/h6>\nOdisseos 1, 54627, Thessaloniki &#8211; Griechenland\n<h6>Adresse Zweig &#8211; Wharehouse<\/h6>\n<p>\u0399lioupoleos 13, Oreokastro 570 13<\/p>\n\nTel: <a href=\"tel:+30 2310544541\">+30 2310544541<\/a><br>\n\nFax: +30 2310554475<br>\n\nMobiltelefon: <a href=\"tel:+30 6940290591\">+30 6940290591<\/a><br>\n\nWebsite: www.koumatis.gr<br>\n\ne-mail: <a href=\"mailto:info@koumatis.gr\">info@koumatis.gr<\/a>\n\n<\/div>\t\t\t\t\t<\/div>\n\t\t\t\t\t\t<\/div>\n\t\t\t\t<\/div>\n\t\t\t\t\t\t<\/div>\n\t\t\t\t\t<\/div>\n\t\t<\/div>\n\t\t\t\t<div class=\"elementor-column elementor-col-50 elementor-inner-column elementor-element elementor-element-1d45b42\" data-id=\"1d45b42\" data-element_type=\"column\">\n\t\t\t<div class=\"elementor-column-wrap elementor-element-populated\">\n\t\t\t\t\t\t\t<div class=\"elementor-widget-wrap\">\n\t\t\t\t\t\t<div class=\"elementor-element elementor-element-9bcd0aa elementor-widget elementor-widget-text-editor\" data-id=\"9bcd0aa\" data-element_type=\"widget\" data-widget_type=\"text-editor.default\">\n\t\t\t\t<div class=\"elementor-widget-container\">\n\t\t\t\t\t\t\t\t<div class=\"elementor-text-editor elementor-clearfix\">\n\t\t\t\t<p><img loading=\"lazy\" decoding=\"async\" src=\"https:\/\/koumatis.gr\/wp-content\/uploads\/2021\/08\/ISO-39001_2012-\u03a3\u03a5\u039d\u0394\u03a5\u0391\u03a3\u039c\u0395\u039d\u039f-UK.jp-g.jpeg\" alt=\"\" class=\"alignnone size-full wp-image-1029\" width=\"283\" height=\"170\" srcset=\"https:\/\/koumatis.gr\/wp-content\/uploads\/2021\/08\/ISO-39001_2012-\u03a3\u03a5\u039d\u0394\u03a5\u0391\u03a3\u039c\u0395\u039d\u039f-UK.jp-g.jpeg 283w, https:\/\/koumatis.gr\/wp-content\/uploads\/2021\/08\/ISO-39001_2012-\u03a3\u03a5\u039d\u0394\u03a5\u0391\u03a3\u039c\u0395\u039d\u039f-UK.jp-g-50x30.jpeg 50w\" sizes=\"auto, (max-width: 283px) 100vw, 283px\" \/><img loading=\"lazy\" decoding=\"async\" src=\"https:\/\/koumatis.gr\/wp-content\/uploads\/2021\/08\/LOGO-ISO-9001.png\" alt=\"\" class=\"alignnone size-full wp-image-1027\" width=\"130\" height=\"161\" srcset=\"https:\/\/koumatis.gr\/wp-content\/uploads\/2021\/08\/LOGO-ISO-9001.png 130w, https:\/\/koumatis.gr\/wp-content\/uploads\/2021\/08\/LOGO-ISO-9001-40x50.png 40w\" sizes=\"auto, (max-width: 130px) 100vw, 130px\" \/><\/p>\t\t\t\t\t<\/div>\n\t\t\t\t\t\t<\/div>\n\t\t\t\t<\/div>\n\t\t\t\t\t\t<\/div>\n\t\t\t\t\t<\/div>\n\t\t<\/div>\n\t\t\t\t\t\t\t\t<\/div>\n\t\t\t\t\t<\/div>\n\t\t<\/section>\n\t\t\t\t\t\t<\/div>\n\t\t\t\t\t<\/div>\n\t\t<\/div>\n\t\t\t\t\t\t\t\t<\/div>\n\t\t\t\t\t<\/div>\n\t\t<\/section>\n\t\t\t\t\t\t\t\t\t<\/div>\n\t\t\t<\/div>\n\t\t\t\t\t<\/div>\n\t\t","protected":false},"excerpt":{"rendered":"<p>Komplettes Leistungspaket Internationale &#8211; Nationale Transporte Finanzdienstleistungen &#8211; Versicherungsdienstleistungen &#8211; Mehrwertsteuerr\u00fcckerstattung Versicherungsdienstleistungen Wir bieten Kfz -Haftpflichtversicherung mit Spezialisierung auf LKW. Mehrwertsteuerr\u00fcckerstattung Wir \u00fcbernehmen die Bearbeitung von Antr\u00e4gen auf Mehrwertsteuerr\u00fcckerstattung in europ\u00e4ischen L\u00e4ndern. Internationale und Nationale Transporte Wir \u00fcbernehmen Internationale und Nationale Transporte von trockenen Produkten und von Ladungen, die unter [&hellip;]<\/p>\n","protected":false},"author":1,"featured_media":0,"parent":0,"menu_order":0,"comment_status":"closed","ping_status":"closed","template":"page-templates\/template-pagebuilder-full-width.php","meta":{"footnotes":""},"class_list":["post-1211","page","type-page","status-publish","hentry"],"_links":{"self":[{"href":"https:\/\/koumatis.gr\/de\/wp-json\/wp\/v2\/pages\/1211","targetHints":{"allow":["GET"]}}],"collection":[{"href":"https:\/\/koumatis.gr\/de\/wp-json\/wp\/v2\/pages"}],"about":[{"href":"https:\/\/koumatis.gr\/de\/wp-json\/wp\/v2\/types\/page"}],"author":[{"embeddable":true,"href":"https:\/\/koumatis.gr\/de\/wp-json\/wp\/v2\/users\/1"}],"replies":[{"embeddable":true,"href":"https:\/\/koumatis.gr\/de\/wp-json\/wp\/v2\/comments?post=1211"}],"version-history":[{"count":70,"href":"https:\/\/koumatis.gr\/de\/wp-json\/wp\/v2\/pages\/1211\/revisions"}],"predecessor-version":[{"id":2542,"href":"https:\/\/koumatis.gr\/de\/wp-json\/wp\/v2\/pages\/1211\/revisions\/2542"}],"wp:attachment":[{"href":"https:\/\/koumatis.gr\/de\/wp-json\/wp\/v2\/media?parent=1211"}],"curies":[{"name":"wp","href":"https:\/\/api.w.org\/{rel}","templated":true}]}}